{"id":24566,"date":"2019-10-26T00:58:30","date_gmt":"2019-10-25T22:58:30","guid":{"rendered":"https:\/\/warakblock.com\/consultoria-de-procesos\/"},"modified":"2022-06-02T14:42:36","modified_gmt":"2022-06-02T12:42:36","slug":"consultoria-de-processos","status":"publish","type":"page","link":"https:\/\/warakblock.com\/pt-pt\/consultoria-de-processos\/","title":{"rendered":"Consultoria de processos"},"content":{"rendered":"<div class=\"vgblk-rw-wrapper limit-wrapper\">\n\n\t<h2>A sua empresa cumpre os requisitos para ter um <strong>armaz\u00e9m vertical?<\/strong><\/h2>\n<h3>\n\tEstudo de viabilidade em 3 semanas.\n\t<\/h3>\n\tRealizamos um estudo de viabilidade com base em dados reais de produ\u00e7\u00e3o e da sua f\u00e1brica, e num prazo de 3 semanas calculamos o custo que teria para si mudar do sistema horizontal para o armazenamento vertical.\n<p>A partir de <strong>50 milh\u00f5es de m2<\/strong> produzidos, os nossos c\u00e1lculos preveem um retorno sobre o investimento. Para mais informa\u00e7\u00f5es, contacte com o nosso departamento comercial e solicite o relat\u00f3rio de viabilidade da sua empresa.<\/p>\n\t\t\t\t\t\t\t<img loading=\"lazy\" decoding=\"async\" loading=\"lazy\" src=\"https:\/\/warakblock.com\/wp-content\/uploads\/2019\/09\/Logistica-4.jpg\" alt=\"estudio viabilidad vertical\" itemprop=\"image\" height=\"1080\" width=\"1920\" title=\"Vertical storage for corrugated\" onerror=\"this.style.display='none'\"  sizes=\"auto, (max-width: 768px) 100vw, 100vw\" srcset=\"data:image\/svg+xml;utf8,&lt;svg%20xmlns=&quot;http:\/\/www.w3.org\/2000\/svg&quot;%20viewBox=&quot;0%200%201920%201080&quot;%20height=&quot;1080px&quot;%20width=&quot;1920px&quot;\/&gt;\" data-srcset=\"https:\/\/warakblock.com\/wp-content\/uploads\/2019\/09\/Logistica-4.jpg 1920w, https:\/\/warakblock.com\/wp-content\/uploads\/2019\/09\/Logistica-4-300x169.jpg 300w, https:\/\/warakblock.com\/wp-content\/uploads\/2019\/09\/Logistica-4-768x432.jpg 768w, https:\/\/warakblock.com\/wp-content\/uploads\/2019\/09\/Logistica-4-1024x576.jpg 1024w, https:\/\/warakblock.com\/wp-content\/uploads\/2019\/09\/Logistica-4-1260x709.jpg 1260w, https:\/\/warakblock.com\/wp-content\/uploads\/2019\/09\/Logistica-4-630x354.jpg 630w, https:\/\/warakblock.com\/wp-content\/uploads\/2019\/09\/Logistica-4-420x236.jpg 420w, https:\/\/warakblock.com\/wp-content\/uploads\/2019\/09\/Logistica-4-840x473.jpg 840w, https:\/\/warakblock.com\/wp-content\/uploads\/2019\/09\/Logistica-4-315x177.jpg 315w\" \/>\t\t\t\t\t\t\t\n\t<h2>Qual \u00e9 o seu <strong>custo<br \/>\nde oportunidade?<\/strong><\/h2>\n<h3>\n\tRedu\u00e7\u00e3o de custos e perdas.\n\t<\/h3>\n\tO nosso c\u00e1lculo assenta na redu\u00e7\u00e3o de custos e perdas ao passar do\u00a0<strong>sistema tradicional para o vertical.<\/strong>\n<p>Os processos ineficazes geram custos de produ\u00e7\u00e3o, que aumentam na mesma medida em que aumentam os n\u00edveis de produ\u00e7\u00e3o. Manter um sistema tradicional pode estar a custar muito dinheiro \u00e0 sua empresa.<\/p>\n<p>O nosso estudo dir-lhe-\u00e1 quais s\u00e3o essas quantias de forma pormenorizada, assim como o que poder\u00e1 melhorar ao adotar um sistema vertical.<\/p>\n\t\t\t\t\t\t\t<img loading=\"lazy\" decoding=\"async\" loading=\"lazy\" src=\"https:\/\/warakblock.com\/wp-content\/uploads\/2022\/03\/rack_1.jpg\" alt=\"rack_1\" itemprop=\"image\" height=\"600\" width=\"800\" title=\"rack_1\" onerror=\"this.style.display='none'\"  sizes=\"auto, (max-width: 768px) 100vw, 100vw\" srcset=\"data:image\/svg+xml;utf8,&lt;svg%20xmlns=&quot;http:\/\/www.w3.org\/2000\/svg&quot;%20viewBox=&quot;0%200%20800%20600&quot;%20height=&quot;600px&quot;%20width=&quot;800px&quot;\/&gt;\" data-srcset=\"https:\/\/warakblock.com\/wp-content\/uploads\/2022\/03\/rack_1.jpg 800w, https:\/\/warakblock.com\/wp-content\/uploads\/2022\/03\/rack_1-300x225.jpg 300w, https:\/\/warakblock.com\/wp-content\/uploads\/2022\/03\/rack_1-630x473.jpg 630w, https:\/\/warakblock.com\/wp-content\/uploads\/2022\/03\/rack_1-420x315.jpg 420w, https:\/\/warakblock.com\/wp-content\/uploads\/2022\/03\/rack_1-315x236.jpg 315w, https:\/\/warakblock.com\/wp-content\/uploads\/2022\/03\/rack_1-300x225@2x.jpg 600w\" \/>\t\t\t\t\t\t\t\n<h2>Outras\u00a0<strong>vantagens<\/strong><\/h2>\n<h3>\n\tControlo de stock e planifica\u00e7\u00e3o.\n\t<\/h3>\n\tA nossa experi\u00eancia ensinou-nos que al\u00e9m da redu\u00e7\u00e3o de custos e perdas e do aumento da seguran\u00e7a na f\u00e1brica, os nossos clientes experimentaram melhorias na planifica\u00e7\u00e3o, bem como uma redu\u00e7\u00e3o de n\u00e3o conformidades de qualidade, gra\u00e7as ao\u00a0<strong>controlo total do stock em tempo real.<\/strong>\n\t\t\t\t\t\t\t<img loading=\"lazy\" decoding=\"async\" loading=\"lazy\" src=\"https:\/\/warakblock.com\/wp-content\/uploads\/2022\/03\/pantallazo_imove_1.jpg\" alt=\"pantallazo_imove_1\" itemprop=\"image\" height=\"600\" width=\"800\" title=\"pantallazo_imove_1\" onerror=\"this.style.display='none'\"  sizes=\"auto, (max-width: 768px) 100vw, 100vw\" srcset=\"data:image\/svg+xml;utf8,&lt;svg%20xmlns=&quot;http:\/\/www.w3.org\/2000\/svg&quot;%20viewBox=&quot;0%200%20800%20600&quot;%20height=&quot;600px&quot;%20width=&quot;800px&quot;\/&gt;\" data-srcset=\"https:\/\/warakblock.com\/wp-content\/uploads\/2022\/03\/pantallazo_imove_1.jpg 800w, https:\/\/warakblock.com\/wp-content\/uploads\/2022\/03\/pantallazo_imove_1-300x225.jpg 300w, https:\/\/warakblock.com\/wp-content\/uploads\/2022\/03\/pantallazo_imove_1-630x473.jpg 630w, https:\/\/warakblock.com\/wp-content\/uploads\/2022\/03\/pantallazo_imove_1-420x315.jpg 420w, https:\/\/warakblock.com\/wp-content\/uploads\/2022\/03\/pantallazo_imove_1-315x236.jpg 315w, https:\/\/warakblock.com\/wp-content\/uploads\/2022\/03\/pantallazo_imove_1-300x225@2x.jpg 600w\" \/>\t\t\t\t\t\t\t\n\n<\/div><!-- .vgblk-rw-wrapper -->","protected":false},"excerpt":{"rendered":"<p>A sua empresa cumpre os requisitos para ter um armaz\u00e9m vertical? Estudo de viabilidade em 3 semanas. Realizamos um estudo de viabilidade com base em dados reais de produ\u00e7\u00e3o e&#8230;<\/p>\n","protected":false},"author":1,"featured_media":20642,"parent":0,"menu_order":0,"comment_status":"closed","ping_status":"closed","template":"","meta":{"inline_featured_image":false,"_price":"","_stock":"","_tribe_ticket_header":"","_tribe_default_ticket_provider":"","_tribe_ticket_capacity":"0","_ticket_start_date":"","_ticket_end_date":"","_tribe_ticket_show_description":"","_tribe_ticket_show_not_going":false,"_tribe_ticket_use_global_stock":"","_tribe_ticket_global_stock_level":"","_global_stock_mode":"","_global_stock_cap":"","_tribe_rsvp_for_event":"","_tribe_ticket_going_count":"","_tribe_ticket_not_going_count":"","_tribe_tickets_list":"[]","_tribe_ticket_has_attendee_info_fields":false,"footnotes":""},"class_list":["post-24566","page","type-page","status-publish","has-post-thumbnail","hentry"],"_links":{"self":[{"href":"https:\/\/warakblock.com\/pt-pt\/wp-json\/wp\/v2\/pages\/24566","targetHints":{"allow":["GET"]}}],"collection":[{"href":"https:\/\/warakblock.com\/pt-pt\/wp-json\/wp\/v2\/pages"}],"about":[{"href":"https:\/\/warakblock.com\/pt-pt\/wp-json\/wp\/v2\/types\/page"}],"author":[{"embeddable":true,"href":"https:\/\/warakblock.com\/pt-pt\/wp-json\/wp\/v2\/users\/1"}],"replies":[{"embeddable":true,"href":"https:\/\/warakblock.com\/pt-pt\/wp-json\/wp\/v2\/comments?post=24566"}],"version-history":[{"count":2,"href":"https:\/\/warakblock.com\/pt-pt\/wp-json\/wp\/v2\/pages\/24566\/revisions"}],"predecessor-version":[{"id":24569,"href":"https:\/\/warakblock.com\/pt-pt\/wp-json\/wp\/v2\/pages\/24566\/revisions\/24569"}],"wp:featuredmedia":[{"embeddable":true,"href":"https:\/\/warakblock.com\/pt-pt\/wp-json\/wp\/v2\/media\/20642"}],"wp:attachment":[{"href":"https:\/\/warakblock.com\/pt-pt\/wp-json\/wp\/v2\/media?parent=24566"}],"curies":[{"name":"wp","href":"https:\/\/api.w.org\/{rel}","templated":true}]}}