{"id":24533,"date":"2019-10-26T01:03:08","date_gmt":"2019-10-25T23:03:08","guid":{"rendered":"https:\/\/warakblock.com\/gemelo-digital\/"},"modified":"2025-06-05T10:23:04","modified_gmt":"2025-06-05T08:23:04","slug":"gemeo-digital","status":"publish","type":"page","link":"https:\/\/warakblock.com\/pt-pt\/gemeo-digital\/","title":{"rendered":"G\u00e9meo digital"},"content":{"rendered":"<div class=\"vgblk-rw-wrapper limit-wrapper\">\n<h1>\n\t\t\tFazemos um <br \/><strong>g\u00e9meo digital da sua f\u00e1brica<\/strong>\t<\/h1>\n\t<a href=\"https:\/\/flexsim.warak.com\" target=\"_blank\" role=\"button\">\n\t\t\t\t\tCLIENTES &#8211; Acesso \u00e0 simula\u00e7\u00e3o\n\t<\/a>\n<h5>\n\tSoftware de previs\u00e3o de fluxo Intralog\u00edstica.\n\t<\/h5>\n\t<p>Realizamos estudos de efici\u00eancia log\u00edstica interna em f\u00e1bricas utilizando o nosso software de simula\u00e7\u00e3o 3D. Gra\u00e7as ao nosso conhecimento do sector e do funcionamento das f\u00e1bricas de produ\u00e7\u00e3o de cart\u00e3o, somos capazes de criar um <strong>g\u00e9meo digital<\/strong> da sua f\u00e1brica com base em dados reais, e conseguir uma r\u00e9plica quase exata de todos os processos. Desta forma, podemos realizar testes de esfor\u00e7o, simula\u00e7\u00f5es, mudan\u00e7as na maquinaria ou rota\u00e7\u00e3o de pessoal, tudo num ambiente virtual, para mais tarde os implementar na f\u00e1brica real.<\/p>\n<p>Com informa\u00e7\u00e3o precisa, podemos <strong>recriar altera\u00e7\u00f5es nas suas instala\u00e7\u00f5es<\/strong>, tais como adicionar ou alterar maquinaria, substituir um armaz\u00e9m plano por um vertical ou redesenhar o layout atual. Uma vez projetados estes cen\u00e1rios, calculamos as melhorias que trariam ao desempenho anual da sua f\u00e1brica, fornecendo dados fi\u00e1veis sobre poss\u00edveis <strong>investimentos futuros.<\/strong><\/p>\n<p>Durante o processo de simula\u00e7\u00e3o, as novas teorias podem ser constantemente corrigidas e testadas, o que o ajuda a tomar a melhor decis\u00e3o poss\u00edvel.<\/p>\n\t\t\t\t\t\t\t<img fetchpriority=\"high\" fetchpriority=\"high\" decoding=\"async\" src=\"https:\/\/warakblock.com\/wp-content\/uploads\/2019\/10\/gemelo-2.jpg\" alt=\"Gemelo digital fabrica cart\u00f3n ondulado\" itemprop=\"image\" height=\"1080\" width=\"1920\" title=\"Corrugated engineering\" onerror=\"this.style.display='none'\"  sizes=\"(max-width: 768px) 100vw, 100vw\" srcset=\"https:\/\/warakblock.com\/wp-content\/uploads\/2019\/10\/gemelo-2.jpg 1920w, https:\/\/warakblock.com\/wp-content\/uploads\/2019\/10\/gemelo-2-300x169.jpg 300w, https:\/\/warakblock.com\/wp-content\/uploads\/2019\/10\/gemelo-2-768x432.jpg 768w, https:\/\/warakblock.com\/wp-content\/uploads\/2019\/10\/gemelo-2-1024x576.jpg 1024w, https:\/\/warakblock.com\/wp-content\/uploads\/2019\/10\/gemelo-2-1260x709.jpg 1260w, https:\/\/warakblock.com\/wp-content\/uploads\/2019\/10\/gemelo-2-630x354.jpg 630w, https:\/\/warakblock.com\/wp-content\/uploads\/2019\/10\/gemelo-2-420x236.jpg 420w, https:\/\/warakblock.com\/wp-content\/uploads\/2019\/10\/gemelo-2-840x473.jpg 840w, https:\/\/warakblock.com\/wp-content\/uploads\/2019\/10\/gemelo-2-315x177.jpg 315w\" \/>\t\t\t\t\t\t\t\n<h2>\n\t <b>\u00c1reas a melhorar<\/b>\n\t<\/h2>\n\t\t\tConstrangimentos\n\t\t<p>Atrav\u00e9s de testes no g\u00e9meo digital, podemos detectar esses pontos cr\u00edticos no circuito interno da placa.<\/p>\n\t\t\tCapacidade de armazenamento\n\t\t<p>Com os dados reais de produ\u00e7\u00e3o da placa, podemos simular o espa\u00e7o necess\u00e1rio para o funcionamento eficiente tanto da onduladora como do conversor.<\/p>\n\t\t\tSimula\u00e7\u00e3o de novas m\u00e1quinas\n\t\t<p>A simula\u00e7\u00e3o com dados reais permite-nos incluir novas m\u00e1quinas e obter dados fi\u00e1veis sobre o fluxo e as altera\u00e7\u00f5es na produ\u00e7\u00e3o.<\/p>\n\t\t\tMelhoramentos de planeamento\n\t\t<p>A an\u00e1lise dos fluxos e da capacidade de armazenamento em conjunto com o parque de m\u00e1quinas permite-nos repensar o planeamento das encomendas na f\u00e1brica.<\/p>\n\n<\/div><!-- .vgblk-rw-wrapper -->","protected":false},"excerpt":{"rendered":"<p>Fazemos um g\u00e9meo digital da sua f\u00e1brica CLIENTES &#8211; Acesso \u00e0 simula\u00e7\u00e3o Software de previs\u00e3o de fluxo Intralog\u00edstica. Realizamos estudos de efici\u00eancia log\u00edstica interna em f\u00e1bricas utilizando o nosso software&#8230;<\/p>\n","protected":false},"author":1,"featured_media":21836,"parent":0,"menu_order":0,"comment_status":"closed","ping_status":"closed","template":"","meta":{"inline_featured_image":false,"_price":"","_stock":"","_tribe_ticket_header":"","_tribe_default_ticket_provider":"","_tribe_ticket_capacity":"0","_ticket_start_date":"","_ticket_end_date":"","_tribe_ticket_show_description":"","_tribe_ticket_show_not_going":false,"_tribe_ticket_use_global_stock":"","_tribe_ticket_global_stock_level":"","_global_stock_mode":"","_global_stock_cap":"","_tribe_rsvp_for_event":"","_tribe_ticket_going_count":"","_tribe_ticket_not_going_count":"","_tribe_tickets_list":"[]","_tribe_ticket_has_attendee_info_fields":false,"footnotes":""},"class_list":["post-24533","page","type-page","status-publish","has-post-thumbnail","hentry"],"_links":{"self":[{"href":"https:\/\/warakblock.com\/pt-pt\/wp-json\/wp\/v2\/pages\/24533","targetHints":{"allow":["GET"]}}],"collection":[{"href":"https:\/\/warakblock.com\/pt-pt\/wp-json\/wp\/v2\/pages"}],"about":[{"href":"https:\/\/warakblock.com\/pt-pt\/wp-json\/wp\/v2\/types\/page"}],"author":[{"embeddable":true,"href":"https:\/\/warakblock.com\/pt-pt\/wp-json\/wp\/v2\/users\/1"}],"replies":[{"embeddable":true,"href":"https:\/\/warakblock.com\/pt-pt\/wp-json\/wp\/v2\/comments?post=24533"}],"version-history":[{"count":5,"href":"https:\/\/warakblock.com\/pt-pt\/wp-json\/wp\/v2\/pages\/24533\/revisions"}],"predecessor-version":[{"id":24933,"href":"https:\/\/warakblock.com\/pt-pt\/wp-json\/wp\/v2\/pages\/24533\/revisions\/24933"}],"wp:featuredmedia":[{"embeddable":true,"href":"https:\/\/warakblock.com\/pt-pt\/wp-json\/wp\/v2\/media\/21836"}],"wp:attachment":[{"href":"https:\/\/warakblock.com\/pt-pt\/wp-json\/wp\/v2\/media?parent=24533"}],"curies":[{"name":"wp","href":"https:\/\/api.w.org\/{rel}","templated":true}]}}