{"id":24475,"date":"2019-10-24T11:16:56","date_gmt":"2019-10-24T09:16:56","guid":{"rendered":"https:\/\/warakblock.com\/ingenieria-carton-ondulado\/"},"modified":"2025-05-26T16:14:46","modified_gmt":"2025-05-26T14:14:46","slug":"ingenieria-carton-ondulado","status":"publish","type":"page","link":"https:\/\/warakblock.com\/pt-pt\/","title":{"rendered":"Engenharia de papel\u00e3o ondulado"},"content":{"rendered":"<div class=\"vgblk-rw-wrapper limit-wrapper\">\n<h3>\n\t\t\t<a href=\"https:\/\/warakblock.com\/pt-pt\/simulacao-intralogistica\/\" title=\"Simula\u00e7\u00e3o Intralog\u00edstica\" target=\"_self\" rel=\"noopener\">\n\tSimula\u00e7\u00e3o Intralog\u00edstica\n\t\t\t<\/a>\n\t<\/h3>\n\t<p>A an\u00e1lise dos fluxos de trabalho \u00e9 um processo atrav\u00e9s do qual os processos s\u00e3o examinados para melhorias de efici\u00eancia. Estes estudos s\u00e3o particularmente relevantes em processos nucleares por sucess\u00e3o, tais como a <strong>produ\u00e7\u00e3o de cart\u00e3o canelado.<\/strong><\/p>\n<h3>\n\t\t\t<a href=\"https:\/\/warakblock.com\/pt-pt\/gemeo-digital\/\" title=\"G\u00e9meo digital\" target=\"_self\" rel=\"noopener\">\n\tG\u00e9meo digital\n\t\t\t<\/a>\n\t<\/h3>\n\t<p>Realizamos estudos de efici\u00eancia log\u00edstica interna da f\u00e1brica utilizando o nosso software de simula\u00e7\u00e3o 3D. Gra\u00e7as ao nosso conhecimento da ind\u00fastria e das instala\u00e7\u00f5es de produ\u00e7\u00e3o de cart\u00e3o, somos capazes de criar um <strong>g\u00e9meo digital<\/strong> da sua f\u00e1brica<\/p>\n<h3>\n\t\t\t<a href=\"https:\/\/warakblock.com\/pt-pt\/consultoria-de-processos\/\" title=\"Consultoria de processos\" target=\"_self\" rel=\"noopener\">\n\tConsultoria de processos\n\t\t\t<\/a>\n\t<\/h3>\n\t<p>Realizamos um estudo de viabilidade vertical baseado em dados reais de produ\u00e7\u00e3o na sua f\u00e1brica, e em 3 semanas calculamos o custo de mudan\u00e7a do armazenamento horizontal para o vertical.<\/p>\n<p>&nbsp;<\/p>\n<h5>\n\tWARAK\n\t<\/h5>\n\t<h2>Engenharia aplicada ao<br \/>\n<strong>Cart\u00e3o Canelado<\/strong><\/h2>\n\t<p>O setor do cart\u00e3o canelado avan\u00e7a de forma constante, mas cada passo sup\u00f5e um esfor\u00e7o de investimento importante para as empresas.<\/p>\n<p>A Warak p\u00f5e \u00e0 disposi\u00e7\u00e3o dos fabricantes de cart\u00e3o canelado um vasto conjunto de solu\u00e7\u00f5es com base nos seus mais de 25 anos de experi\u00eancia.<\/p>\n<p>Ao longo desse tempo desenvolvemos uma vis\u00e3o pr\u00e1tica que nos permite antecipar as mudan\u00e7as e oferecer as melhores solu\u00e7\u00f5es aos nossos clientes.<\/p>\n<p>&nbsp;<\/p>\n\t\t\t\t\t\t\t<img loading=\"lazy\" decoding=\"async\" loading=\"lazy\" src=\"https:\/\/warakblock.com\/wp-content\/uploads\/2022\/02\/simulacion-digital-warak_2.jpg\" alt=\"simulacion-digital-warak_2\" itemprop=\"image\" height=\"452\" width=\"640\" title=\"simulacion-digital-warak_2\" onerror=\"this.style.display='none'\"  sizes=\"auto, (max-width: 768px) 100vw, 100vw\" srcset=\"data:image\/svg+xml;utf8,&lt;svg%20xmlns=&quot;http:\/\/www.w3.org\/2000\/svg&quot;%20viewBox=&quot;0%200%20640%20452&quot;%20height=&quot;452px&quot;%20width=&quot;640px&quot;\/&gt;\" data-srcset=\"https:\/\/warakblock.com\/wp-content\/uploads\/2022\/02\/simulacion-digital-warak_2.jpg 640w, https:\/\/warakblock.com\/wp-content\/uploads\/2022\/02\/simulacion-digital-warak_2-300x212.jpg 300w, https:\/\/warakblock.com\/wp-content\/uploads\/2022\/02\/simulacion-digital-warak_2-630x445.jpg 630w, https:\/\/warakblock.com\/wp-content\/uploads\/2022\/02\/simulacion-digital-warak_2-420x297.jpg 420w, https:\/\/warakblock.com\/wp-content\/uploads\/2022\/02\/simulacion-digital-warak_2-315x222.jpg 315w, https:\/\/warakblock.com\/wp-content\/uploads\/2022\/02\/simulacion-digital-warak_2-300x212@2x.jpg 600w\" \/>\t\t\t\t\t\t\t\n\t<h2>Projetos \u00e0 medida<br \/>\n<strong>dos nossos clientes<\/strong><\/h2>\n\n<\/div><!-- .vgblk-rw-wrapper -->","protected":false},"excerpt":{"rendered":"<p>Simula\u00e7\u00e3o Intralog\u00edstica A an\u00e1lise dos fluxos de trabalho \u00e9 um processo atrav\u00e9s do qual os processos s\u00e3o examinados para melhorias de efici\u00eancia. Estes estudos s\u00e3o particularmente relevantes em processos nucleares&#8230;<\/p>\n","protected":false},"author":1,"featured_media":20595,"parent":0,"menu_order":0,"comment_status":"closed","ping_status":"closed","template":"","meta":{"inline_featured_image":false,"_price":"","_stock":"","_tribe_ticket_header":"","_tribe_default_ticket_provider":"","_tribe_ticket_capacity":"0","_ticket_start_date":"","_ticket_end_date":"","_tribe_ticket_show_description":"","_tribe_ticket_show_not_going":false,"_tribe_ticket_use_global_stock":"","_tribe_ticket_global_stock_level":"","_global_stock_mode":"","_global_stock_cap":"","_tribe_rsvp_for_event":"","_tribe_ticket_going_count":"","_tribe_ticket_not_going_count":"","_tribe_tickets_list":"[]","_tribe_ticket_has_attendee_info_fields":false,"footnotes":""},"class_list":["post-24475","page","type-page","status-publish","has-post-thumbnail","hentry"],"_links":{"self":[{"href":"https:\/\/warakblock.com\/pt-pt\/wp-json\/wp\/v2\/pages\/24475","targetHints":{"allow":["GET"]}}],"collection":[{"href":"https:\/\/warakblock.com\/pt-pt\/wp-json\/wp\/v2\/pages"}],"about":[{"href":"https:\/\/warakblock.com\/pt-pt\/wp-json\/wp\/v2\/types\/page"}],"author":[{"embeddable":true,"href":"https:\/\/warakblock.com\/pt-pt\/wp-json\/wp\/v2\/users\/1"}],"replies":[{"embeddable":true,"href":"https:\/\/warakblock.com\/pt-pt\/wp-json\/wp\/v2\/comments?post=24475"}],"version-history":[{"count":1,"href":"https:\/\/warakblock.com\/pt-pt\/wp-json\/wp\/v2\/pages\/24475\/revisions"}],"predecessor-version":[{"id":24580,"href":"https:\/\/warakblock.com\/pt-pt\/wp-json\/wp\/v2\/pages\/24475\/revisions\/24580"}],"wp:featuredmedia":[{"embeddable":true,"href":"https:\/\/warakblock.com\/pt-pt\/wp-json\/wp\/v2\/media\/20595"}],"wp:attachment":[{"href":"https:\/\/warakblock.com\/pt-pt\/wp-json\/wp\/v2\/media?parent=24475"}],"curies":[{"name":"wp","href":"https:\/\/api.w.org\/{rel}","templated":true}]}}