{"id":24502,"date":"2019-10-26T01:21:41","date_gmt":"2019-10-25T23:21:41","guid":{"rendered":"https:\/\/warakblock.com\/simulacion-intralogistica\/"},"modified":"2025-06-05T10:23:30","modified_gmt":"2025-06-05T08:23:30","slug":"simulazione-intralogistica","status":"publish","type":"page","link":"https:\/\/warakblock.com\/it\/simulazione-intralogistica\/","title":{"rendered":"Simulazione intralogistica"},"content":{"rendered":"<div class=\"vgblk-rw-wrapper limit-wrapper\">\n<h1>\n\t\t\tSimulazione <br \/><b>intralogistica <\/b>\t<\/h1>\n\t<p>L&#8217;analisi del flusso di lavoro \u00e8 un processo attraverso il quale i processi vengono esaminati per migliorare l&#8217;efficienza. Migliorando i flussi di lavoro, le vostre risorse vengono utilizzate in modo pi\u00f9 efficiente e il vostro personale \u00e8 in grado di lavorare a capacit\u00e0 pi\u00f9 elevate. Questi studi sono particolarmente rilevanti nei processi fondamentali per successione, come la <strong>produzione di cartone ondulato.<\/strong><\/p>\n<p>Pi\u00f9 agili ed efficienti sono i vostri processi, pi\u00f9 basso \u00e8 il costo di ogni compito, la perdita di tempo o gli errori. Grazie al nostro <strong>software di simulazione<\/strong>, possiamo ricreare un <strong>gemello digitale<\/strong> di qualsiasi fabbrica nei minimi dettagli, e stressare il processo per trovare i punti di saturazione. Portare il miglioramento continuo nella logistica a Industria 4.0<\/p>\n<p>Alla Warak abbiamo progettato una linea di attrezzature ausiliarie per il trasporto del cartone per soddisfare queste crescenti esigenze e preparare il cartone per i magazzini verticali. Nastri trasportatori con profili laterali aperti per permettere la pulizia sotto l&#8217;attrezzatura per ridurre il rischio di incendio, presse con sistemi di ammortizzazione, carrelli di picking fino a 8 pallet. Attrezzatura per trasportare cartone fino a 60.000 m<sup>2<\/sup>\/ ora all&#8217;uscita dell&#8217;ondulatore e corrispondente consegna al convertitore.<\/p>\n\t\t\t\t\t\t\t<img fetchpriority=\"high\" fetchpriority=\"high\" decoding=\"async\" src=\"https:\/\/warakblock.com\/wp-content\/uploads\/2019\/10\/04.jpg\" alt=\"Mejora continua en logistica\" itemprop=\"image\" height=\"1006\" width=\"1474\" title=\"Corrugated engineering\" onerror=\"this.style.display='none'\"  sizes=\"(max-width: 768px) 100vw, 100vw\" srcset=\"https:\/\/warakblock.com\/wp-content\/uploads\/2019\/10\/04.jpg 1474w, https:\/\/warakblock.com\/wp-content\/uploads\/2019\/10\/04-300x205.jpg 300w, https:\/\/warakblock.com\/wp-content\/uploads\/2019\/10\/04-768x524.jpg 768w, https:\/\/warakblock.com\/wp-content\/uploads\/2019\/10\/04-1024x699.jpg 1024w, https:\/\/warakblock.com\/wp-content\/uploads\/2019\/10\/04-1260x860.jpg 1260w, https:\/\/warakblock.com\/wp-content\/uploads\/2019\/10\/04-630x430.jpg 630w, https:\/\/warakblock.com\/wp-content\/uploads\/2019\/10\/04-420x287.jpg 420w, https:\/\/warakblock.com\/wp-content\/uploads\/2019\/10\/04-840x573.jpg 840w, https:\/\/warakblock.com\/wp-content\/uploads\/2019\/10\/04-315x215.jpg 315w\" \/>\t\t\t\t\t\t\t\n<h2>\n\tAree di  <b>miglioramento<\/b>\n\t<\/h2>\n\t\t\tRiduzione dei rifiuti\n\t\t<p>Celle di carico e viscosimetro di alta precisione per una maggiore ripetibilit\u00e0 delle preparazioni.<\/p>\n\t\t\tRiprogettazione del processo\n\t\t<p>Gestione dei circuiti di carico e scarico con elettrovalvole pneumatiche a comando automatico.<\/p>\n\n<\/div><!-- .vgblk-rw-wrapper -->","protected":false},"excerpt":{"rendered":"<p>Simulazione intralogistica L&#8217;analisi del flusso di lavoro \u00e8 un processo attraverso il quale i processi vengono esaminati per migliorare l&#8217;efficienza. Migliorando i flussi di lavoro, le vostre risorse vengono utilizzate&#8230;<\/p>\n","protected":false},"author":1,"featured_media":20234,"parent":0,"menu_order":0,"comment_status":"closed","ping_status":"closed","template":"","meta":{"inline_featured_image":false,"_price":"","_stock":"","_tribe_ticket_header":"","_tribe_default_ticket_provider":"","_tribe_ticket_capacity":"0","_ticket_start_date":"","_ticket_end_date":"","_tribe_ticket_show_description":"","_tribe_ticket_show_not_going":false,"_tribe_ticket_use_global_stock":"","_tribe_ticket_global_stock_level":"","_global_stock_mode":"","_global_stock_cap":"","_tribe_rsvp_for_event":"","_tribe_ticket_going_count":"","_tribe_ticket_not_going_count":"","_tribe_tickets_list":"[]","_tribe_ticket_has_attendee_info_fields":false,"footnotes":""},"class_list":["post-24502","page","type-page","status-publish","has-post-thumbnail","hentry"],"_links":{"self":[{"href":"https:\/\/warakblock.com\/it\/wp-json\/wp\/v2\/pages\/24502","targetHints":{"allow":["GET"]}}],"collection":[{"href":"https:\/\/warakblock.com\/it\/wp-json\/wp\/v2\/pages"}],"about":[{"href":"https:\/\/warakblock.com\/it\/wp-json\/wp\/v2\/types\/page"}],"author":[{"embeddable":true,"href":"https:\/\/warakblock.com\/it\/wp-json\/wp\/v2\/users\/1"}],"replies":[{"embeddable":true,"href":"https:\/\/warakblock.com\/it\/wp-json\/wp\/v2\/comments?post=24502"}],"version-history":[{"count":4,"href":"https:\/\/warakblock.com\/it\/wp-json\/wp\/v2\/pages\/24502\/revisions"}],"predecessor-version":[{"id":24934,"href":"https:\/\/warakblock.com\/it\/wp-json\/wp\/v2\/pages\/24502\/revisions\/24934"}],"wp:featuredmedia":[{"embeddable":true,"href":"https:\/\/warakblock.com\/it\/wp-json\/wp\/v2\/media\/20234"}],"wp:attachment":[{"href":"https:\/\/warakblock.com\/it\/wp-json\/wp\/v2\/media?parent=24502"}],"curies":[{"name":"wp","href":"https:\/\/api.w.org\/{rel}","templated":true}]}}