{"id":24467,"date":"2019-10-24T11:16:56","date_gmt":"2019-10-24T09:16:56","guid":{"rendered":"https:\/\/warakblock.com\/ingenieria-carton-ondulado\/"},"modified":"2025-04-30T15:29:39","modified_gmt":"2025-04-30T13:29:39","slug":"ingenieria-carton-ondulado","status":"publish","type":"page","link":"https:\/\/warakblock.com\/de\/","title":{"rendered":"Engineering f\u00fcr Wellpappe"},"content":{"rendered":"<div class=\"vgblk-rw-wrapper limit-wrapper\">\n<h3>\n\t\t\t<a href=\"https:\/\/warakblock.com\/de\/simulation-intralogistik\/\" title=\"Intralogistik-Simulation\" target=\"_self\" rel=\"noopener\">\n\tIntralogistik-Simulation\n\t\t\t<\/a>\n\t<\/h3>\n\t<p>Die Workflow-Analyse ist ein Verfahren, mit dem Prozesse auf Effizienzverbesserungen untersucht werden. Diese Studien sind besonders relevant f\u00fcr Kernprozesse, die nacheinander ablaufen, wie z. B. die <strong>Herstellung von Wellpappe.<\/strong><\/p>\n<h3>\n\t\t\t<a href=\"https:\/\/warakblock.com\/de\/digitaler-zwilling\/\" title=\"Digitaler Zwilling\" target=\"_self\" rel=\"noopener\">\n\tDigitaler Zwilling\n\t\t\t<\/a>\n\t<\/h3>\n\t<p>Wir f\u00fchren mit unserer 3D-Simulationssoftware interne Studien zur Effizienz der Fabriklogistik durch. Dank unserer Kenntnisse der Branche und der Kartonproduktionsanlagen sind wir in der Lage, einen <strong>digitalen Zwilling<\/strong> Ihrer Anlage zu erstellen.<\/p>\n<h3>\n\t\t\t<a href=\"https:\/\/warakblock.com\/de\/prozessberatung\/\" title=\"Prozessberatung\" target=\"_self\" rel=\"noopener\">\n\tProzessberatung\n\t\t\t<\/a>\n\t<\/h3>\n\t<p>Wir f\u00fchren eine vertikale Machbarkeitsstudie auf der Grundlage realer Produktionsdaten in Ihrem Werk durch und berechnen innerhalb von 3 Wochen die Kosten f\u00fcr den Wechsel von horizontaler zu vertikaler Lagerung.<\/p>\n<p>&nbsp;<\/p>\n<h5>\n\tWARAK\n\t<\/h5>\n\t<h2>Angewandte Technik<br \/>\n<strong>f\u00fcr Wellpappe<\/strong><\/h2>\n\t<p>Der Sektor Wellpappe entwickelt sich best\u00e4ndig weiter, aber jeder Schritt bedeutet einen erheblichen Investitionsaufwand f\u00fcr die Unternehmen.<\/p>\n<p>Warak bietet den Wellpappeherstellern ein umfassendes L\u00f6sungspaket mit seiner mehr als 25-j\u00e4hrigen Erfahrung.<\/p>\n<p>W\u00e4hrend dieser Zeit haben wir eine praktische Vision entwickelt, die uns erm\u00f6glicht, den Ver\u00e4nderungen voraus zu sein und unseren Kunden die besten L\u00f6sungen anzubieten.<\/p>\n<p>&nbsp;<\/p>\n\t\t\t\t\t\t\t<img loading=\"lazy\" decoding=\"async\" loading=\"lazy\" src=\"https:\/\/warakblock.com\/wp-content\/uploads\/2022\/02\/simulacion-digital-warak_2.jpg\" alt=\"simulacion-digital-warak_2\" itemprop=\"image\" height=\"452\" width=\"640\" title=\"simulacion-digital-warak_2\" onerror=\"this.style.display='none'\"  sizes=\"auto, (max-width: 768px) 100vw, 100vw\" srcset=\"data:image\/svg+xml;utf8,&lt;svg%20xmlns=&quot;http:\/\/www.w3.org\/2000\/svg&quot;%20viewBox=&quot;0%200%20640%20452&quot;%20height=&quot;452px&quot;%20width=&quot;640px&quot;\/&gt;\" data-srcset=\"https:\/\/warakblock.com\/wp-content\/uploads\/2022\/02\/simulacion-digital-warak_2.jpg 640w, https:\/\/warakblock.com\/wp-content\/uploads\/2022\/02\/simulacion-digital-warak_2-300x212.jpg 300w, https:\/\/warakblock.com\/wp-content\/uploads\/2022\/02\/simulacion-digital-warak_2-630x445.jpg 630w, https:\/\/warakblock.com\/wp-content\/uploads\/2022\/02\/simulacion-digital-warak_2-420x297.jpg 420w, https:\/\/warakblock.com\/wp-content\/uploads\/2022\/02\/simulacion-digital-warak_2-315x222.jpg 315w, https:\/\/warakblock.com\/wp-content\/uploads\/2022\/02\/simulacion-digital-warak_2-300x212@2x.jpg 600w\" \/>\t\t\t\t\t\t\t\n\t<h2>Ma\u00dfgeschneiderte Projekte<br \/>\n<strong>f\u00fcr unsere Kunden<\/strong><\/h2>\n\n<\/div><!-- .vgblk-rw-wrapper -->","protected":false},"excerpt":{"rendered":"<p>Intralogistik-Simulation Die Workflow-Analyse ist ein Verfahren, mit dem Prozesse auf Effizienzverbesserungen untersucht werden. Diese Studien sind besonders relevant f\u00fcr Kernprozesse, die nacheinander ablaufen, wie z. B. die Herstellung von Wellpappe&#8230;.<\/p>\n","protected":false},"author":1,"featured_media":20856,"parent":0,"menu_order":0,"comment_status":"closed","ping_status":"closed","template":"","meta":{"inline_featured_image":false,"_price":"","_stock":"","_tribe_ticket_header":"","_tribe_default_ticket_provider":"","_tribe_ticket_capacity":"0","_ticket_start_date":"","_ticket_end_date":"","_tribe_ticket_show_description":"","_tribe_ticket_show_not_going":false,"_tribe_ticket_use_global_stock":"","_tribe_ticket_global_stock_level":"","_global_stock_mode":"","_global_stock_cap":"","_tribe_rsvp_for_event":"","_tribe_ticket_going_count":"","_tribe_ticket_not_going_count":"","_tribe_tickets_list":"[]","_tribe_ticket_has_attendee_info_fields":false,"footnotes":""},"class_list":["post-24467","page","type-page","status-publish","has-post-thumbnail","hentry"],"_links":{"self":[{"href":"https:\/\/warakblock.com\/de\/wp-json\/wp\/v2\/pages\/24467","targetHints":{"allow":["GET"]}}],"collection":[{"href":"https:\/\/warakblock.com\/de\/wp-json\/wp\/v2\/pages"}],"about":[{"href":"https:\/\/warakblock.com\/de\/wp-json\/wp\/v2\/types\/page"}],"author":[{"embeddable":true,"href":"https:\/\/warakblock.com\/de\/wp-json\/wp\/v2\/users\/1"}],"replies":[{"embeddable":true,"href":"https:\/\/warakblock.com\/de\/wp-json\/wp\/v2\/comments?post=24467"}],"version-history":[{"count":1,"href":"https:\/\/warakblock.com\/de\/wp-json\/wp\/v2\/pages\/24467\/revisions"}],"predecessor-version":[{"id":24581,"href":"https:\/\/warakblock.com\/de\/wp-json\/wp\/v2\/pages\/24467\/revisions\/24581"}],"wp:featuredmedia":[{"embeddable":true,"href":"https:\/\/warakblock.com\/de\/wp-json\/wp\/v2\/media\/20856"}],"wp:attachment":[{"href":"https:\/\/warakblock.com\/de\/wp-json\/wp\/v2\/media?parent=24467"}],"curies":[{"name":"wp","href":"https:\/\/api.w.org\/{rel}","templated":true}]}}