{"id":24447,"date":"2019-10-24T11:16:56","date_gmt":"2019-10-24T09:16:56","guid":{"rendered":"https:\/\/warakblock.com\/ingenieria-carton-ondulado\/"},"modified":"2025-06-05T09:44:45","modified_gmt":"2025-06-05T07:44:45","slug":"ingenieria-carton-ondulado","status":"publish","type":"page","link":"https:\/\/warakblock.com\/ca\/","title":{"rendered":"Enginyeria per a cart\u00f3 ondulat"},"content":{"rendered":"<div class=\"vgblk-rw-wrapper limit-wrapper\">\n<h3>\n\t\t\t<a href=\"https:\/\/warakblock.com\/ca\/simulacio-intra-logistica\/\" title=\"Simulaci\u00f3 intra-log\u00edstica\" target=\"_self\" rel=\"noopener\">\n\tSimulaci\u00f3 intra-log\u00edstica\n\t\t\t<\/a>\n\t<\/h3>\n\t<p>L&#8217;an\u00e0lisi del flux de treball \u00e9s un proc\u00e9s a trav\u00e9s del qual s&#8217;examinen els processos en busca de millores de l&#8217;efici\u00e8ncia. Aquests estudis son especialment rellevants en processos centrals per successi\u00f3 , com en la <strong>fabricaci\u00f3 de cartr\u00f3.<\/strong><\/p>\n<h3>\n\t\t\t<a href=\"https:\/\/warakblock.com\/ca\/besso-digital\/\" title=\"Bess\u00f3 digital\" target=\"_self\" rel=\"noopener\">\n\tBess\u00f3 digital\n\t\t\t<\/a>\n\t<\/h3>\n\t<p>Realitzem estudis d&#8217;efici\u00e8ncia log\u00edstica interna a f\u00e0brica, mitjan\u00e7ant el nostre software de simulaci\u00f3 3D. Gr\u00e0cies als nostres coneixements del sector i de les instal.lacions de producci\u00f3 de cartr\u00f3, som capa\u00e7os de crear un <strong>bess\u00f3 digital<\/strong> de la seva f\u00e0brica.<\/p>\n<h3>\n\t\t\t<a href=\"https:\/\/warakblock.com\/ca\/consultoria-de-processos\/\" title=\"Consultoria de processos\" target=\"_self\" rel=\"noopener\">\n\tConsultoria de processos\n\t\t\t<\/a>\n\t<\/h3>\n\t<p>Realitzem un estudi de viabilitat vertical basat en dades reals de producci\u00f3 a la seva f\u00e0brica i en 3 setmanes calculem el cost que li suposaria fer el canvi del sistema horitzontal a l&#8217;emmagatzematge vertical.<\/p>\n<p>&nbsp;<\/p>\n<h5>\n\tWARAK\n\t<\/h5>\n\t<h2>Enginyeria aplicada al<br \/>\n<strong>Cartr\u00f3 ondulat<\/strong><\/h2>\n\t<p>El sector del cartr\u00f3 ondulat avan\u00e7a de manera constant, per\u00f2 cada pas suposa un esfor\u00e7 d&#8217;inversi\u00f3 important per les empreses.<\/p>\n<p>Warak posa a disposici\u00f3 dels fabricants de cartr\u00f3 ondulat un conjunt integral de solucions des de la seva experi\u00e8ncia de m\u00e9s de 25 anys.<\/p>\n<p>Durant els darrers 20 anys hem desenvolupat una visi\u00f3 pr\u00e0ctica que ens permet avan\u00e7ar-nos i oferir les millors solucions als nostres clients.<\/p>\n<p>&nbsp;<\/p>\n\t\t\t\t\t\t\t<img loading=\"lazy\" decoding=\"async\" loading=\"lazy\" src=\"https:\/\/warakblock.com\/wp-content\/uploads\/2022\/02\/simulacion-digital-warak_2.jpg\" alt=\"simulacion-digital-warak_2\" itemprop=\"image\" height=\"452\" width=\"640\" title=\"simulacion-digital-warak_2\" onerror=\"this.style.display='none'\"  sizes=\"auto, (max-width: 768px) 100vw, 100vw\" srcset=\"data:image\/svg+xml;utf8,&lt;svg%20xmlns=&quot;http:\/\/www.w3.org\/2000\/svg&quot;%20viewBox=&quot;0%200%20640%20452&quot;%20height=&quot;452px&quot;%20width=&quot;640px&quot;\/&gt;\" data-srcset=\"https:\/\/warakblock.com\/wp-content\/uploads\/2022\/02\/simulacion-digital-warak_2.jpg 640w, https:\/\/warakblock.com\/wp-content\/uploads\/2022\/02\/simulacion-digital-warak_2-300x212.jpg 300w, https:\/\/warakblock.com\/wp-content\/uploads\/2022\/02\/simulacion-digital-warak_2-630x445.jpg 630w, https:\/\/warakblock.com\/wp-content\/uploads\/2022\/02\/simulacion-digital-warak_2-420x297.jpg 420w, https:\/\/warakblock.com\/wp-content\/uploads\/2022\/02\/simulacion-digital-warak_2-315x222.jpg 315w, https:\/\/warakblock.com\/wp-content\/uploads\/2022\/02\/simulacion-digital-warak_2-300x212@2x.jpg 600w\" \/>\t\t\t\t\t\t\t\n\t<h2>Projectes a mida<br \/>\n<strong>pels nostres clients<\/strong><\/h2>\n\t<h4>&#8220;En aquests 20 anys hem conegut tot tipus de f\u00e0briques de cartr\u00f3 al voltant del m\u00f3n, hem vist la seva evoluci\u00f3 i sabem feia on es dirigeix el sector&#8221;.<\/h4>\n<p>Joaquim Vil\u00e0 &#8211; CEO<\/p>\n\n<\/div><!-- .vgblk-rw-wrapper -->","protected":false},"excerpt":{"rendered":"<p>Simulaci\u00f3 intra-log\u00edstica L&#8217;an\u00e0lisi del flux de treball \u00e9s un proc\u00e9s a trav\u00e9s del qual s&#8217;examinen els processos en busca de millores de l&#8217;efici\u00e8ncia. Aquests estudis son especialment rellevants en processos&#8230;<\/p>\n","protected":false},"author":1,"featured_media":21198,"parent":0,"menu_order":0,"comment_status":"closed","ping_status":"closed","template":"","meta":{"inline_featured_image":false,"_price":"","_stock":"","_tribe_ticket_header":"","_tribe_default_ticket_provider":"","_tribe_ticket_capacity":"0","_ticket_start_date":"","_ticket_end_date":"","_tribe_ticket_show_description":"","_tribe_ticket_show_not_going":false,"_tribe_ticket_use_global_stock":"","_tribe_ticket_global_stock_level":"","_global_stock_mode":"","_global_stock_cap":"","_tribe_rsvp_for_event":"","_tribe_ticket_going_count":"","_tribe_ticket_not_going_count":"","_tribe_tickets_list":"[]","_tribe_ticket_has_attendee_info_fields":false,"footnotes":""},"class_list":["post-24447","page","type-page","status-publish","has-post-thumbnail","hentry"],"_links":{"self":[{"href":"https:\/\/warakblock.com\/ca\/wp-json\/wp\/v2\/pages\/24447","targetHints":{"allow":["GET"]}}],"collection":[{"href":"https:\/\/warakblock.com\/ca\/wp-json\/wp\/v2\/pages"}],"about":[{"href":"https:\/\/warakblock.com\/ca\/wp-json\/wp\/v2\/types\/page"}],"author":[{"embeddable":true,"href":"https:\/\/warakblock.com\/ca\/wp-json\/wp\/v2\/users\/1"}],"replies":[{"embeddable":true,"href":"https:\/\/warakblock.com\/ca\/wp-json\/wp\/v2\/comments?post=24447"}],"version-history":[{"count":3,"href":"https:\/\/warakblock.com\/ca\/wp-json\/wp\/v2\/pages\/24447\/revisions"}],"predecessor-version":[{"id":24582,"href":"https:\/\/warakblock.com\/ca\/wp-json\/wp\/v2\/pages\/24447\/revisions\/24582"}],"wp:featuredmedia":[{"embeddable":true,"href":"https:\/\/warakblock.com\/ca\/wp-json\/wp\/v2\/media\/21198"}],"wp:attachment":[{"href":"https:\/\/warakblock.com\/ca\/wp-json\/wp\/v2\/media?parent=24447"}],"curies":[{"name":"wp","href":"https:\/\/api.w.org\/{rel}","templated":true}]}}